{"id":11,"date":"2023-11-03T02:27:25","date_gmt":"2023-11-03T01:27:25","guid":{"rendered":"https:\/\/www.hoewedes.com\/blog\/?page_id=11"},"modified":"2023-11-03T02:27:25","modified_gmt":"2023-11-03T01:27:25","slug":"kontaktiere-uns","status":"publish","type":"page","link":"https:\/\/www.hoewedes.com\/blog\/kontaktiere-uns\/","title":{"rendered":"Kontaktiere uns"},"content":{"rendered":"<p>Wir sch\u00e4tzen Ihre Vorschl\u00e4ge sehr und hoffen, von Ihnen zu h\u00f6ren.<\/p>\n<p>Wenn Sie mit uns Kontakt aufnehmen oder Feedback zu unserer Sportwetten-Website haben m\u00f6chten, laden wir Sie herzlich ein, uns \u00fcber die untenstehende E-Mail-Adresse zu schreiben.<\/p>\n<p>Bitte verwenden Sie eine klare Betreffzeile in Ihrer E-Mail, damit wir Ihre Nachricht unter den vielen E-Mails, die wir t\u00e4glich erhalten, leicht identifizieren k\u00f6nnen. Wir werden unser Bestes tun, um Ihnen so schnell wie m\u00f6glich zu antworten.<\/p>\n<p>Wir sch\u00e4tzen Ihr Feedback, sei es Kritik, Vorschl\u00e4ge oder Kommentare zu unseren Wetten und Prognosen. Bitte vergessen Sie nicht, Ihre Meinung im Kommentarbereich unter jedem Artikel zu hinterlassen.<\/p>\n<p>Wenn Sie Fragen oder Kommentare zu unseren Wetten oder Spielanalysen haben, bitten wir Sie, Ihre Gedanken im entsprechenden Kommentarbereich zu teilen.<\/p>\n<p>Das ist wichtig, denn es erm\u00f6glicht uns, direkt zu antworten und andere Website-Besucher k\u00f6nnen sich ebenfalls an der Diskussion beteiligen.<\/p>\n<p>Bitte beachten Sie, dass wir keine Wetten annehmen oder organisieren. Bei Problemen mit Wettplattformen empfehlen wir Ihnen, sich direkt an den Wettanbieter zu wenden.<\/p>\n<p>Leider m\u00fcssen wir Ihnen mitteilen, dass wir aufgrund des hohen Volumens an Anfragen, die wir erhalten, keine E-Mails bez\u00fcglich individueller Wetten beantworten k\u00f6nnen.<\/p>\n<p>F\u00fcr weitere Informationen k\u00f6nnen Sie uns gerne unter der folgenden E-Mail-Adresse kontaktieren:<\/p>\n<p>Kontakt: info@hoewedes.com.<\/p>\n","protected":false},"excerpt":{"rendered":"<p>Wir sch\u00e4tzen Ihre Vorschl\u00e4ge sehr und hoffen, von Ihnen zu h\u00f6ren. Wenn Sie mit uns Kontakt aufnehmen oder Feedback zu unserer Sportwetten-Website haben m\u00f6chten, laden wir Sie herzlich ein, uns \u00fcber die untenstehende E-Mail-Adresse zu schreiben. Bitte verwenden Sie eine klare Betreffzeile in Ihrer E-Mail, damit wir Ihre Nachricht unter den vielen E-Mails, die wir [&hellip;]<\/p>\n","protected":false},"author":1,"featured_media":0,"parent":0,"menu_order":0,"comment_status":"closed","ping_status":"closed","template":"","meta":{"footnotes":""},"yoast_head":"<!-- This site is optimized with the Yoast SEO plugin v21.5 - https:\/\/yoast.com\/wordpress\/plugins\/seo\/ -->\n<title>Kontaktiere uns - Hoewedes<\/title>\n<meta name=\"robots\" content=\"index, follow, max-snippet:-1, max-image-preview:large, max-video-preview:-1\" \/>\n<link rel=\"canonical\" href=\"https:\/\/www.hoewedes.com\/blog\/kontaktiere-uns\/\" \/>\n<meta property=\"og:locale\" content=\"de_DE\" \/>\n<meta property=\"og:type\" content=\"article\" \/>\n<meta property=\"og:title\" content=\"Kontaktiere uns - Hoewedes\" \/>\n<meta property=\"og:description\" content=\"Wir sch\u00e4tzen Ihre Vorschl\u00e4ge sehr und hoffen, von Ihnen zu h\u00f6ren. Wenn Sie mit uns Kontakt aufnehmen oder Feedback zu unserer Sportwetten-Website haben m\u00f6chten, laden wir Sie herzlich ein, uns \u00fcber die untenstehende E-Mail-Adresse zu schreiben. Bitte verwenden Sie eine klare Betreffzeile in Ihrer E-Mail, damit wir Ihre Nachricht unter den vielen E-Mails, die wir [&hellip;]\" \/>\n<meta property=\"og:url\" content=\"https:\/\/www.hoewedes.com\/blog\/kontaktiere-uns\/\" \/>\n<meta property=\"og:site_name\" content=\"Hoewedes\" \/>\n<meta name=\"twitter:card\" content=\"summary_large_image\" \/>\n<meta name=\"twitter:label1\" content=\"Gesch\u00e4tzte Lesezeit\" \/>\n\t<meta name=\"twitter:data1\" content=\"2 Minuten\" \/>\n<script type=\"application\/ld+json\" class=\"yoast-schema-graph\">{\"@context\":\"https:\/\/schema.org\",\"@graph\":[{\"@type\":\"WebPage\",\"@id\":\"https:\/\/www.hoewedes.com\/blog\/kontaktiere-uns\/\",\"url\":\"https:\/\/www.hoewedes.com\/blog\/kontaktiere-uns\/\",\"name\":\"Kontaktiere uns - Hoewedes\",\"isPartOf\":{\"@id\":\"https:\/\/www.hoewedes.com\/blog\/#website\"},\"datePublished\":\"2023-11-03T01:27:25+00:00\",\"dateModified\":\"2023-11-03T01:27:25+00:00\",\"breadcrumb\":{\"@id\":\"https:\/\/www.hoewedes.com\/blog\/kontaktiere-uns\/#breadcrumb\"},\"inLanguage\":\"de-DE\",\"potentialAction\":[{\"@type\":\"ReadAction\",\"target\":[\"https:\/\/www.hoewedes.com\/blog\/kontaktiere-uns\/\"]}]},{\"@type\":\"BreadcrumbList\",\"@id\":\"https:\/\/www.hoewedes.com\/blog\/kontaktiere-uns\/#breadcrumb\",\"itemListElement\":[{\"@type\":\"ListItem\",\"position\":1,\"name\":\"Home\",\"item\":\"https:\/\/www.hoewedes.com\/blog\/\"},{\"@type\":\"ListItem\",\"position\":2,\"name\":\"Kontaktiere uns\"}]},{\"@type\":\"WebSite\",\"@id\":\"https:\/\/www.hoewedes.com\/blog\/#website\",\"url\":\"https:\/\/www.hoewedes.com\/blog\/\",\"name\":\"Hoewedes\",\"description\":\"Blog\",\"potentialAction\":[{\"@type\":\"SearchAction\",\"target\":{\"@type\":\"EntryPoint\",\"urlTemplate\":\"https:\/\/www.hoewedes.com\/blog\/?s={search_term_string}\"},\"query-input\":\"required name=search_term_string\"}],\"inLanguage\":\"de-DE\"}]}<\/script>\n<!-- \/ Yoast SEO plugin. -->","yoast_head_json":{"title":"Kontaktiere uns - Hoewedes","robots":{"index":"index","follow":"follow","max-snippet":"max-snippet:-1","max-image-preview":"max-image-preview:large","max-video-preview":"max-video-preview:-1"},"canonical":"https:\/\/www.hoewedes.com\/blog\/kontaktiere-uns\/","og_locale":"de_DE","og_type":"article","og_title":"Kontaktiere uns - Hoewedes","og_description":"Wir sch\u00e4tzen Ihre Vorschl\u00e4ge sehr und hoffen, von Ihnen zu h\u00f6ren. Wenn Sie mit uns Kontakt aufnehmen oder Feedback zu unserer Sportwetten-Website haben m\u00f6chten, laden wir Sie herzlich ein, uns \u00fcber die untenstehende E-Mail-Adresse zu schreiben. Bitte verwenden Sie eine klare Betreffzeile in Ihrer E-Mail, damit wir Ihre Nachricht unter den vielen E-Mails, die wir [&hellip;]","og_url":"https:\/\/www.hoewedes.com\/blog\/kontaktiere-uns\/","og_site_name":"Hoewedes","twitter_card":"summary_large_image","twitter_misc":{"Gesch\u00e4tzte Lesezeit":"2 Minuten"},"schema":{"@context":"https:\/\/schema.org","@graph":[{"@type":"WebPage","@id":"https:\/\/www.hoewedes.com\/blog\/kontaktiere-uns\/","url":"https:\/\/www.hoewedes.com\/blog\/kontaktiere-uns\/","name":"Kontaktiere uns - Hoewedes","isPartOf":{"@id":"https:\/\/www.hoewedes.com\/blog\/#website"},"datePublished":"2023-11-03T01:27:25+00:00","dateModified":"2023-11-03T01:27:25+00:00","breadcrumb":{"@id":"https:\/\/www.hoewedes.com\/blog\/kontaktiere-uns\/#breadcrumb"},"inLanguage":"de-DE","potentialAction":[{"@type":"ReadAction","target":["https:\/\/www.hoewedes.com\/blog\/kontaktiere-uns\/"]}]},{"@type":"BreadcrumbList","@id":"https:\/\/www.hoewedes.com\/blog\/kontaktiere-uns\/#breadcrumb","itemListElement":[{"@type":"ListItem","position":1,"name":"Home","item":"https:\/\/www.hoewedes.com\/blog\/"},{"@type":"ListItem","position":2,"name":"Kontaktiere uns"}]},{"@type":"WebSite","@id":"https:\/\/www.hoewedes.com\/blog\/#website","url":"https:\/\/www.hoewedes.com\/blog\/","name":"Hoewedes","description":"Blog","potentialAction":[{"@type":"SearchAction","target":{"@type":"EntryPoint","urlTemplate":"https:\/\/www.hoewedes.com\/blog\/?s={search_term_string}"},"query-input":"required name=search_term_string"}],"inLanguage":"de-DE"}]}},"_links":{"self":[{"href":"https:\/\/www.hoewedes.com\/blog\/wp-json\/wp\/v2\/pages\/11"}],"collection":[{"href":"https:\/\/www.hoewedes.com\/blog\/wp-json\/wp\/v2\/pages"}],"about":[{"href":"https:\/\/www.hoewedes.com\/blog\/wp-json\/wp\/v2\/types\/page"}],"author":[{"embeddable":true,"href":"https:\/\/www.hoewedes.com\/blog\/wp-json\/wp\/v2\/users\/1"}],"replies":[{"embeddable":true,"href":"https:\/\/www.hoewedes.com\/blog\/wp-json\/wp\/v2\/comments?post=11"}],"version-history":[{"count":1,"href":"https:\/\/www.hoewedes.com\/blog\/wp-json\/wp\/v2\/pages\/11\/revisions"}],"predecessor-version":[{"id":12,"href":"https:\/\/www.hoewedes.com\/blog\/wp-json\/wp\/v2\/pages\/11\/revisions\/12"}],"wp:attachment":[{"href":"https:\/\/www.hoewedes.com\/blog\/wp-json\/wp\/v2\/media?parent=11"}],"curies":[{"name":"wp","href":"https:\/\/api.w.org\/{rel}","templated":true}]}}